{"id":143940,"date":"2023-07-10T20:33:25","date_gmt":"2023-07-10T20:33:25","guid":{"rendered":"https:\/\/mobile.fmodia.com.br\/?page_id=143940"},"modified":"2023-07-10T20:33:25","modified_gmt":"2023-07-10T20:33:25","slug":"podcasts","status":"publish","type":"page","link":"https:\/\/mobile.fmodia.com.br\/manaus\/podcasts\/","title":{"rendered":"Podcasts"},"content":{"rendered":"\n<div class=\"wp-block-columns head-podcast has-background is-layout-flex wp-container-3 wp-block-columns-is-layout-flex\" style=\"background-color:#457bbe\">\n<div class=\"wp-block-column is-layout-flow wp-block-column-is-layout-flow\" style=\"flex-basis:200px\"><div class=\"wp-block-image\">\n<figure class=\"aligncenter size-full\"><img decoding=\"async\" src=\"https:\/\/mobile.fmodia.com.br\/wp-content\/uploads\/2023\/07\/logo-bullgog.png\" alt=\"\" class=\"wp-image-144887\"\/><\/figure><\/div><\/div>\n\n\n\n<div class=\"wp-block-column is-layout-flow wp-block-column-is-layout-flow\">\n<h2 class=\"has-text-color has-extra-large-font-size wp-block-heading\" style=\"color:#fff3bf\">Bulldog Show<\/h2>\n\n\n\n<h6 class=\"has-white-color has-text-color has-normal-font-size wp-block-heading\" style=\"font-style:normal;font-weight:400\">Troca\u00e7\u00e3o franca de ideias!<br>Por: @TukaCarvalho<\/h6>\n<\/div>\n<\/div>\n\n\n\n<div class=\"wp-block-columns is-not-stacked-on-mobile page-podcast has-white-background-color has-background is-layout-flex wp-container-13 wp-block-columns-is-layout-flex\">\n<div class=\"wp-block-column podcast-list-box is-layout-flow wp-block-column-is-layout-flow\">\n<div class=\"wp-block-columns podcast-list-line-example is-layout-flex wp-container-11 wp-block-columns-is-layout-flex\">\n<div class=\"wp-block-column description is-layout-flow wp-block-column-is-layout-flow\">\n<div class=\"wp-block-columns is-layout-flex wp-container-9 wp-block-columns-is-layout-flex\">\n<div class=\"wp-block-column is-layout-flow wp-block-column-is-layout-flow\" style=\"flex-basis:50%\">\n<figure class=\"wp-block-image size-full podcast-page-image\"><a href=\"https:\/\/mobile.fmodia.com.br\/podcast\/?id={[t_line_id]}\"><img decoding=\"async\" src=\"https:\/\/mobile.fmodia.com.br\/wp-content\/uploads\/2023\/07\/podcast-image.jpg\" alt=\"\" class=\"wp-image-148593\" title=\"podcast-page-image\"\/><\/a><\/figure>\n<\/div>\n\n\n\n<div class=\"wp-block-column is-layout-flow wp-block-column-is-layout-flow\" style=\"flex-basis:50%\">\n<h2 class=\"podcast-page-title has-text-color wp-block-heading\" style=\"color:#457bbe\"><a href=\"https:\/\/mobile.fmodia.com.br\/podcast\/?id={[t_line_id]}\">Rodriguinho fala pela primeira vez sobre ter perdido a voz<\/a><\/h2>\n\n\n\n<div class=\"wp-block-columns is-not-stacked-on-mobile is-layout-flex wp-container-7 wp-block-columns-is-layout-flex\" style=\"padding-top:var(--wp--preset--spacing--20)\">\n<div class=\"wp-block-column is-layout-flow wp-block-column-is-layout-flow\" style=\"flex-basis:100px\">\n<h2 class=\"podcast-page-date has-text-color wp-block-heading\" style=\"color:#457bbe;font-size:14px;font-style:normal;font-weight:300\">00\/00\/0000<\/h2>\n<\/div>\n\n\n\n<div class=\"wp-block-column is-layout-flow wp-block-column-is-layout-flow\">\n<h2 class=\"has-text-align-left podcast-page-time has-text-color wp-block-heading\" style=\"color:#457bbe;font-size:14px;font-style:normal;font-weight:300\">00:00<\/h2>\n<\/div>\n<\/div>\n\n\n\n<p class=\"podcast-page-description\">Conversamos com o Rodriguinho aqui, no Bulldog Show, e ele falou tudo sobre as cr\u00edticas que costumava receber em rela\u00e7\u00e3o \u00e0 sua voz. O cantor, compositor e produtor musical contou que, principalmente por causa delas, procurou tratamento. Ele tamb\u00e9m falou, no entanto, que dentre as suas fun\u00e7\u00f5es, cantar \u00e9 a que menos gosta, por &#8230;<\/p>\n<\/div>\n<\/div>\n<\/div>\n<\/div>\n<\/div>\n<\/div>\n\n\n<script language=\"javascript\">\tpodcast_get_list(function(s_xml){podcast_set_list(s_xml);});<\/script>\n","protected":false},"excerpt":{"rendered":"<p>Bulldog Show Troca\u00e7\u00e3o franca de ideias!Por: @TukaCarvalho Rodriguinho fala pela primeira vez sobre ter perdido a voz 00\/00\/0000 00:00 Conversamos com o Rodriguinho aqui, no Bulldog Show, e ele falou tudo sobre as cr\u00edticas que costumava receber em rela\u00e7\u00e3o \u00e0 sua voz. O cantor, compositor e produtor musical contou que, principalmente por causa delas, procurou&hellip; <a class=\"more-link\" href=\"https:\/\/mobile.fmodia.com.br\/manaus\/podcasts\/\">Continue reading <span class=\"screen-reader-text\">Podcasts<\/span><\/a><\/p>\n","protected":false},"author":2,"featured_media":0,"parent":0,"menu_order":0,"comment_status":"closed","ping_status":"closed","template":"","meta":{"footnotes":""},"post_highlight_type":[],"_links":{"self":[{"href":"https:\/\/mobile.fmodia.com.br\/manaus\/wp-json\/wp\/v2\/pages\/143940"}],"collection":[{"href":"https:\/\/mobile.fmodia.com.br\/manaus\/wp-json\/wp\/v2\/pages"}],"about":[{"href":"https:\/\/mobile.fmodia.com.br\/manaus\/wp-json\/wp\/v2\/types\/page"}],"author":[{"embeddable":true,"href":"https:\/\/mobile.fmodia.com.br\/manaus\/wp-json\/wp\/v2\/users\/2"}],"replies":[{"embeddable":true,"href":"https:\/\/mobile.fmodia.com.br\/manaus\/wp-json\/wp\/v2\/comments?post=143940"}],"version-history":[{"count":0,"href":"https:\/\/mobile.fmodia.com.br\/manaus\/wp-json\/wp\/v2\/pages\/143940\/revisions"}],"wp:attachment":[{"href":"https:\/\/mobile.fmodia.com.br\/manaus\/wp-json\/wp\/v2\/media?parent=143940"}],"wp:term":[{"taxonomy":"post_highlight_type","embeddable":true,"href":"https:\/\/mobile.fmodia.com.br\/manaus\/wp-json\/wp\/v2\/post_highlight_type?post=143940"}],"curies":[{"name":"wp","href":"https:\/\/api.w.org\/{rel}","templated":true}]}}