{"id":121359,"date":"2023-05-17T14:20:12","date_gmt":"2023-05-17T14:20:12","guid":{"rendered":"https:\/\/mobile.fmodia.com.br\/?page_id=121359"},"modified":"2024-08-15T12:57:16","modified_gmt":"2024-08-15T12:57:16","slug":"logout","status":"publish","type":"page","link":"https:\/\/mobile.fmodia.com.br\/manaus\/logout\/","title":{"rendered":"Logout"},"content":{"rendered":"\n<div class=\"wp-block-columns has-white-background-color has-background is-layout-flex wp-container-2 wp-block-columns-is-layout-flex\" style=\"padding-right:var(--wp--preset--spacing--20);padding-left:var(--wp--preset--spacing--20)\">\n<div class=\"wp-block-column is-layout-flow wp-block-column-is-layout-flow\">\n<div style=\"height:20px\" aria-hidden=\"true\" class=\"wp-block-spacer\"><\/div>\n\n\n\n<p class=\"has-text-align-center has-text-color has-normal-font-size\" style=\"color:#017cc2\">Voc\u00ea est\u00e1 sendo deslogado da sua conta, mas poder\u00e1 navegar normalmente pelo aplicativo e continuar ouvindo a N.\u00ba 1 \ud83d\ude42 .<\/p>\n\n\n\n<div style=\"height:20px\" aria-hidden=\"true\" class=\"wp-block-spacer\"><\/div>\n<\/div>\n<\/div>\n\n\n<div class=\"is-content-justification-center is-layout-flex wp-container-20 wp-block-buttons alignwide top-space\">\t<div class=\"wp-block-button has-custom-font-size is-style-fill button-border icon-bt-border pink logout\">\t\t<a href=\"https:\/\/mobile.fmodia.com.br\/manaus\/logout\/?forcelogout=forcekill&v=1778692735\" class=\"wp-block-button__link has-text-color has-background wp-element-button\">\t\t\tSair\t\t<\/a>\t<\/div><\/div>\n","protected":false},"excerpt":{"rendered":"<p>Voc\u00ea est\u00e1 sendo deslogado da sua conta, mas poder\u00e1 navegar normalmente pelo aplicativo e continuar ouvindo a N.\u00ba 1 \ud83d\ude42 .<\/p>\n","protected":false},"author":1,"featured_media":0,"parent":0,"menu_order":0,"comment_status":"closed","ping_status":"closed","template":"","meta":{"footnotes":""},"post_highlight_type":[],"_links":{"self":[{"href":"https:\/\/mobile.fmodia.com.br\/manaus\/wp-json\/wp\/v2\/pages\/121359"}],"collection":[{"href":"https:\/\/mobile.fmodia.com.br\/manaus\/wp-json\/wp\/v2\/pages"}],"about":[{"href":"https:\/\/mobile.fmodia.com.br\/manaus\/wp-json\/wp\/v2\/types\/page"}],"author":[{"embeddable":true,"href":"https:\/\/mobile.fmodia.com.br\/manaus\/wp-json\/wp\/v2\/users\/1"}],"replies":[{"embeddable":true,"href":"https:\/\/mobile.fmodia.com.br\/manaus\/wp-json\/wp\/v2\/comments?post=121359"}],"version-history":[{"count":0,"href":"https:\/\/mobile.fmodia.com.br\/manaus\/wp-json\/wp\/v2\/pages\/121359\/revisions"}],"wp:attachment":[{"href":"https:\/\/mobile.fmodia.com.br\/manaus\/wp-json\/wp\/v2\/media?parent=121359"}],"wp:term":[{"taxonomy":"post_highlight_type","embeddable":true,"href":"https:\/\/mobile.fmodia.com.br\/manaus\/wp-json\/wp\/v2\/post_highlight_type?post=121359"}],"curies":[{"name":"wp","href":"https:\/\/api.w.org\/{rel}","templated":true}]}}