{"id":120765,"date":"2023-04-10T15:04:59","date_gmt":"2023-04-10T15:04:59","guid":{"rendered":"https:\/\/mobile.fmodia.com.br\/?page_id=120765"},"modified":"2024-04-05T18:50:08","modified_gmt":"2024-04-05T18:50:08","slug":"pedido-musical","status":"publish","type":"page","link":"https:\/\/mobile.fmodia.com.br\/manaus\/pedido-musical\/","title":{"rendered":"Pedido musical"},"content":{"rendered":"\n<div class=\"wp-block-columns has-white-background-color has-background is-layout-flex wp-container-2 wp-block-columns-is-layout-flex\">\n<div class=\"wp-block-column is-layout-flow wp-block-column-is-layout-flow\">\n<h2 class=\"wp-block-heading\">A gente toca o que voc\u00ea quer ouvir! \u00c9 f\u00e1cil: escolha o artista e uma de suas m\u00fasicas!<\/h2>\n\n\n\r\n\t\t\t<form class=\"\" enctype=\"multipart\/form-data\" id=\"\" method=\"POST\" action=\"\/manaus\/pedido-musical\/?v=1778692727\" target=\"_self\" onsubmit=\"\">\r\n\t\t\t\t<div class=\"register\">\r\n\r\n\t\t\r\n\t\t\t\t<div class=\"components-base-control__field\">\r\n\t\t\t\t\t<label class=\"components-base-control__label\" for=\"profile_user_display_name\">Nome*<\/label>\r\n\t\t\t\t\t<input type=\"text\" name=\"display_name\" id=\"profile_user_display_name\" class=\"thirdFull\" placeholder=\"Nome*\" value=\"\">\r\n\t\t\t\t<\/div>\r\n\t\t\r\n\t\t\t\t<div class=\"components-base-control__field\">\r\n\t\t\t\t\t<label class=\"components-base-control__label\" for=\"profile_user_email\">Email*<\/label>\r\n\t\t\t\t\t<input type=\"text\" name=\"email\" id=\"profile_user_email\" class=\"thirdFull\" placeholder=\"Email*\" value=\"\">\r\n\t\t\t\t<\/div>\r\n\t\t\r\n\t\t\t\t<div class=\"components-base-control__field\">\r\n\t\t\t\t\t<label class=\"components-base-control__label\" for=\"profile_user_doc\">Artista*<\/label>\r\n\t\t\t\t\t<input type=\"text\" name=\"band\" id=\"band\" class=\"thirdFull\" placeholder=\"Artista\" value=\"\">\r\n\t\t\t\t<\/div>\r\n\t\t\r\n\t\t\t\t<div class=\"components-base-control__field\">\r\n\t\t\t\t\t<label class=\"components-base-control__label\" for=\"profile_user_doc\">M\u00fasica*<\/label>\r\n\t\t\t\t\t<input type=\"text\" name=\"music\" id=\"music\" class=\"thirdFull\" placeholder=\"M\u00fasica\" value=\"\">\r\n\t\t\t\t<\/div>\r\n\t\t<div class=\"is-content-justification-center is-layout-flex wp-container-20 wp-block-buttons alignwide top-space\">\t<div class=\"wp-block-button has-custom-font-size is-style-fill button-border icon-bt-border pink fmodia\">\t\t<button type=\"submit\" onclick=\"if(t_sended){this.type='button'; return false}else{t_sended = true};\" class=\"wp-block-button__link has-text-color has-background wp-element-button\">\t\t\tEnviar\t\t<\/button>\t<\/div><\/div>\r\n\t\t\t\t<\/div>\r\n\t\t\t<\/form>\r\n\t\t\n<\/div>\n<\/div>\n","protected":false},"excerpt":{"rendered":"<p>A gente toca o que voc\u00ea quer ouvir! \u00c9 f\u00e1cil: escolha o artista e uma de suas m\u00fasicas!<\/p>\n","protected":false},"author":2,"featured_media":0,"parent":0,"menu_order":0,"comment_status":"closed","ping_status":"closed","template":"","meta":{"footnotes":""},"post_highlight_type":[],"_links":{"self":[{"href":"https:\/\/mobile.fmodia.com.br\/manaus\/wp-json\/wp\/v2\/pages\/120765"}],"collection":[{"href":"https:\/\/mobile.fmodia.com.br\/manaus\/wp-json\/wp\/v2\/pages"}],"about":[{"href":"https:\/\/mobile.fmodia.com.br\/manaus\/wp-json\/wp\/v2\/types\/page"}],"author":[{"embeddable":true,"href":"https:\/\/mobile.fmodia.com.br\/manaus\/wp-json\/wp\/v2\/users\/2"}],"replies":[{"embeddable":true,"href":"https:\/\/mobile.fmodia.com.br\/manaus\/wp-json\/wp\/v2\/comments?post=120765"}],"version-history":[{"count":0,"href":"https:\/\/mobile.fmodia.com.br\/manaus\/wp-json\/wp\/v2\/pages\/120765\/revisions"}],"wp:attachment":[{"href":"https:\/\/mobile.fmodia.com.br\/manaus\/wp-json\/wp\/v2\/media?parent=120765"}],"wp:term":[{"taxonomy":"post_highlight_type","embeddable":true,"href":"https:\/\/mobile.fmodia.com.br\/manaus\/wp-json\/wp\/v2\/post_highlight_type?post=120765"}],"curies":[{"name":"wp","href":"https:\/\/api.w.org\/{rel}","templated":true}]}}