{"id":120759,"date":"2023-04-10T15:01:53","date_gmt":"2023-04-10T15:01:53","guid":{"rendered":"https:\/\/mobile.fmodia.com.br\/?page_id=120759"},"modified":"2023-11-03T19:16:37","modified_gmt":"2023-11-03T19:16:37","slug":"login","status":"publish","type":"page","link":"https:\/\/mobile.fmodia.com.br\/manaus\/login\/","title":{"rendered":"Login"},"content":{"rendered":"\n<div class=\"wp-block-columns padding-mob-screen has-white-background-color has-background is-layout-flex wp-container-2 wp-block-columns-is-layout-flex\">\n<div class=\"wp-block-column is-layout-flow wp-block-column-is-layout-flow\">\n<h2 class=\"wp-block-heading has-text-align-center\">Fa\u00e7a seu login ou se inscreva <br>em nosso aplicativo.<\/h2>\n\n\n\n<p class=\"has-text-align-center\">Acompanhe tudo o que est\u00e1 rolando<br>na maior r\u00e1dio do Brasil.<\/p>\n\n\n\r\n\t\t\t\t<form class=\"\" enctype=\"multipart\/form-data\" id=\"\" method=\"POST\" action=\"https:\/\/mobile.fmodia.com.br\/manaus\/login\/?v=1778692736\" target=\"_self\" onsubmit=\"\">\r\n\t\t\t\t\t<input type=\"hidden\" name=\"28dfKjGHT89LO011JMmnh\" value=\"dfsfdfKLF*f8fFjf3ndf.sdfsf~SFGKL23234vDGnaIEOhVBsss2fg\">\t\t\r\n\t\t\t\t\t<div class=\"register\">\r\n\t\t\t\t\t\r\n\t\t\t\t\t\t<input type=\"text\" name=\"usermail\" class=\"thirdFull\" id=\"\" title=\"\" placeholder=\"Email*\" value=\"\">\r\n\t\t\t\t\t\t<input type=\"password\" name=\"userpass\" class=\"thirdFull\" id=\"\" title=\"\" placeholder=\"Digite sua Senha*\" value=\"\">\r\n\t\t\t\r\n\t\t\t\t<div class=\"field fieldCheck AcceptSpam\">\r\n\t\t\t\t\t<label>\r\n\t\t\t\t\t\t<input type=\"checkbox\" name=\"user_accept_terms\" id=\"view_Maratona__system_home_Home_formLogin_AcceptTerms\" checked=\"true\" value=\"1\" tabindex=\"28\">\r\n\t\t\t\t\t\t<span>\r\n\t\t\t\t\t\t\tAceito a \r\n\t\t\t\t\t\t\t<a href=\"https:\/\/www.fmodia.com.br\/privacidade\/\" target=\"_new\" title=\"Politica de Privacidade da R\u00e1dio FM O Dia.\" rel=\"noopener\">\r\n\t\t\t\t\t\t\t\tpolitica de privacidade \r\n\t\t\t\t\t\t\t<\/a>\r\n\t\t\t\t\t\t\te os \r\n\t\t\t\t\t\t\t<a href=\"https:\/\/www.fmodia.com.br\/privacidade\/\" target=\"_new\" title=\"Termos de Uso da R\u00e1dio FM O Dia.\" rel=\"noopener\">\r\n\t\t\t\t\t\t\t\ttermos de uso\r\n\t\t\t\t\t\t\t<\/a>\r\n\t\t\t\t\t\t\tda Radio FM O Dia assim como os \r\n\t\t\t\t\t\t\t<a href=\"https:\/\/policies.google.com\/terms?hl=pt-BR\" target=\"_new\" title=\"Termos de Uso do Google.\" rel=\"noopener\">\r\n\t\t\t\t\t\t\t\ttermos de uso\r\n\t\t\t\t\t\t\t<\/a>\r\n\t\t\t\t\t\t\te a \r\n\t\t\t\t\t\t\t<a href=\"https:\/\/policies.google.com\/privacy?hl=pt-BR\" target=\"_new\" title=\"Politica de Privacidade do Google.\" rel=\"noopener\">\r\n\t\t\t\t\t\t\t\tpolitica de privacidade \r\n\t\t\t\t\t\t\t<\/a>\r\n\t\t\t\t\t\t\tdos dados vinculados ao Google.\r\n\t\t\t\t\t\t<\/span>\r\n\t\t\t\t\t<\/label>\r\n\t\t\t\t<\/div>\r\n\t\t\t\r\n\t\t\t\t<div class=\"field fieldCheck remember\">\r\n\t\t\t\t\t<label>\r\n\t\t\t\t\t\t<input type=\"checkbox\" name=\"user_remember\" checked=\"true\" value=\"1\" tabindex=\"28\">\r\n\t\t\t\t\t\t<span>\r\n\t\t\t\t\t\t\tLembrar meus dados.\r\n\t\t\t\t\t\t<\/span>\r\n\t\t\t\t\t<\/label>\r\n\t\t\t\t<\/div>\r\n\t\t\t<script language=\"javascript\">\tvar t_sended = false;<\/script><div class=\"is-content-justification-center is-layout-flex wp-container-20 wp-block-buttons alignwide top-space\">\t<div class=\"wp-block-button has-custom-font-size is-style-fill button-border icon-bt-border pink fmodia\">\t\t<button type=\"submit\" onclick=\"if(t_sended){return false}else{t_sended = true};\" class=\"wp-block-button__link has-text-color has-background wp-element-button\">\t\t\tEntrar com FM O Dia\t\t<\/button>\t<\/div><\/div>\r\n\t\t\t\t<\/div>\r\n\t\t\t<\/form>\r\n\t\t\t\n\n\n\n<p class=\"has-text-align-center has-text-color has-normal-font-size\" style=\"color:#d20143;padding-top:0px;padding-right:0px;padding-bottom:0px;padding-left:0px;font-style:normal;font-weight:700;text-transform:uppercase\">OU<\/p>\n\n\n<div class=\"is-content-justification-center is-layout-flex wp-container-20 wp-block-buttons alignwide top-space login-side-menu\">\t<div class=\"wp-block-button has-custom-font-size is-style-fill button-border icon-bt-border bluegl google\">\t\t<a href=\"https:\/\/mobile.fmodia.com.br\/manaus\/login-google\/\" class=\"wp-block-button__link has-text-color has-background wp-element-button\">\t\t\tEntrar com  Google\t\t<\/a>\t<\/div>\t\t<div class=\"wp-block-button has-custom-font-size is-style-fill button-border icon-bt-border apple\">\t\t<a href=\"https:\/\/mobile.fmodia.com.br\/manaus\/login-apple\/\" class=\"wp-block-button__link has-text-color has-background wp-element-button\">\t\t\tEntrar com  Apple\t\t<\/a>\t<\/div><\/div>\n\n\n\n<h3 class=\"wp-block-heading has-text-align-center\">Esqueceu a senha? <a href=\"https:\/\/mobile.fmodia.com.br\/manaus\/esqueci-a-senha\/\">Clique aqui!<\/a><\/h3>\n\n\n\n<h3 class=\"wp-block-heading has-text-align-center\">Para se cadastrar <a href=\"https:\/\/mobile.fmodia.com.br\/manaus\/cadastro\/\">clique aqui.<\/a><\/h3>\n<\/div>\n<\/div>\n","protected":false},"excerpt":{"rendered":"<p>Fa\u00e7a seu login ou se inscreva em nosso aplicativo. Acompanhe tudo o que est\u00e1 rolandona maior r\u00e1dio do Brasil. OU Esqueceu a senha? Clique aqui! Para se cadastrar clique aqui.<\/p>\n","protected":false},"author":1,"featured_media":0,"parent":0,"menu_order":0,"comment_status":"closed","ping_status":"closed","template":"","meta":{"footnotes":""},"post_highlight_type":[],"_links":{"self":[{"href":"https:\/\/mobile.fmodia.com.br\/manaus\/wp-json\/wp\/v2\/pages\/120759"}],"collection":[{"href":"https:\/\/mobile.fmodia.com.br\/manaus\/wp-json\/wp\/v2\/pages"}],"about":[{"href":"https:\/\/mobile.fmodia.com.br\/manaus\/wp-json\/wp\/v2\/types\/page"}],"author":[{"embeddable":true,"href":"https:\/\/mobile.fmodia.com.br\/manaus\/wp-json\/wp\/v2\/users\/1"}],"replies":[{"embeddable":true,"href":"https:\/\/mobile.fmodia.com.br\/manaus\/wp-json\/wp\/v2\/comments?post=120759"}],"version-history":[{"count":0,"href":"https:\/\/mobile.fmodia.com.br\/manaus\/wp-json\/wp\/v2\/pages\/120759\/revisions"}],"wp:attachment":[{"href":"https:\/\/mobile.fmodia.com.br\/manaus\/wp-json\/wp\/v2\/media?parent=120759"}],"wp:term":[{"taxonomy":"post_highlight_type","embeddable":true,"href":"https:\/\/mobile.fmodia.com.br\/manaus\/wp-json\/wp\/v2\/post_highlight_type?post=120759"}],"curies":[{"name":"wp","href":"https:\/\/api.w.org\/{rel}","templated":true}]}}